{"id":40806,"date":"2026-03-12T10:23:08","date_gmt":"2026-03-12T09:23:08","guid":{"rendered":"https:\/\/kip-tape.com\/produkt\/317-rubans-de-protection-en-pvc-premium-plus\/"},"modified":"2026-04-25T07:24:23","modified_gmt":"2026-04-25T05:24:23","slug":"317-rubans-de-protection-en-pvc-premium-plus","status":"publish","type":"product","link":"https:\/\/kip-tape.com\/fr\/produits\/317-rubans-de-protection-en-pvc-premium-plus\/","title":{"rendered":"317 Rubans de protection en PVC Premium Plus"},"content":{"rendered":"","protected":false},"excerpt":{"rendered":"","protected":false},"featured_media":25332,"comment_status":"closed","ping_status":"closed","template":"","meta":[],"product_brand":[],"product_cat":[327,237,266],"product_tag":[],"produktgruppe":[317],"class_list":{"0":"post-40806","1":"product","2":"type-product","3":"status-publish","4":"has-post-thumbnail","6":"product_cat-delimiter-marquent-marquer","7":"product_cat-maquage","8":"product_cat-proteger","9":"produktgruppe-rubans-de-protection","11":"first","12":"instock","13":"shipping-taxable","14":"purchasable","15":"product-type-variable"},"yoast_head":"<!-- This site is optimized with the Yoast SEO plugin v27.5 - https:\/\/yoast.com\/product\/yoast-seo-wordpress\/ -->\n<title>317 Rubans de protection en PVC Premium Plus | Rubans de protection | Kip\u00ae<\/title>\n<meta name=\"description\" content=\"Le Rubans de protection PVC Premium Plus Kip 317 est un ruban PVC lisse fabriqu\u00e9 \u00e0 partir d&#039;un film PVC souple, id\u00e9al pour le maquage des travaux de pl\u00e2trage, de stucage et de protection des b\u00e2timents, \u00e0 l&#039;int\u00e9rieur comme \u00e0 l&#039;ext\u00e9rieur. Il est particuli\u00e8rement facile \u00e0 d\u00e9rouler.\" \/>\n<meta name=\"robots\" content=\"index, follow, max-snippet:-1, max-image-preview:large, max-video-preview:-1\" \/>\n<link rel=\"canonical\" href=\"https:\/\/kip-tape.com\/fr\/produits\/317-rubans-de-protection-en-pvc-premium-plus\/\" \/>\n<meta property=\"og:locale\" content=\"fr_FR\" \/>\n<meta property=\"og:type\" content=\"article\" \/>\n<meta property=\"og:title\" content=\"317 Rubans de protection en PVC Premium Plus | Rubans de protection | Kip\u00ae\" \/>\n<meta property=\"og:description\" content=\"Le Rubans de protection PVC Premium Plus Kip 317 est un ruban PVC lisse fabriqu\u00e9 \u00e0 partir d&#039;un film PVC souple, id\u00e9al pour le maquage des travaux de pl\u00e2trage, de stucage et de protection des b\u00e2timents, \u00e0 l&#039;int\u00e9rieur comme \u00e0 l&#039;ext\u00e9rieur. Il est particuli\u00e8rement facile \u00e0 d\u00e9rouler.\" \/>\n<meta property=\"og:url\" content=\"https:\/\/kip-tape.com\/fr\/produits\/317-rubans-de-protection-en-pvc-premium-plus\/\" \/>\n<meta property=\"og:site_name\" content=\"Kip\u00ae\" \/>\n<meta property=\"article:modified_time\" content=\"2026-04-25T05:24:23+00:00\" \/>\n<meta property=\"og:image\" content=\"https:\/\/kip-tape.com\/wp-content\/uploads\/161025_317-53.png\" \/>\n\t<meta property=\"og:image:width\" content=\"1269\" \/>\n\t<meta property=\"og:image:height\" content=\"1500\" \/>\n\t<meta property=\"og:image:type\" content=\"image\/png\" \/>\n<meta name=\"twitter:card\" content=\"summary_large_image\" \/>\n<script type=\"application\/ld+json\" class=\"yoast-schema-graph\">{\"@context\":\"https:\\\/\\\/schema.org\",\"@graph\":[{\"@type\":\"WebPage\",\"@id\":\"https:\\\/\\\/kip-tape.com\\\/fr\\\/produits\\\/317-rubans-de-protection-en-pvc-premium-plus\\\/\",\"url\":\"https:\\\/\\\/kip-tape.com\\\/fr\\\/produits\\\/317-rubans-de-protection-en-pvc-premium-plus\\\/\",\"name\":\"317 Rubans de protection en PVC Premium Plus | Rubans de protection | Kip\u00ae\",\"isPartOf\":{\"@id\":\"https:\\\/\\\/kip-tape.com\\\/fr\\\/#website\"},\"primaryImageOfPage\":{\"@id\":\"https:\\\/\\\/kip-tape.com\\\/fr\\\/produits\\\/317-rubans-de-protection-en-pvc-premium-plus\\\/#primaryimage\"},\"image\":{\"@id\":\"https:\\\/\\\/kip-tape.com\\\/fr\\\/produits\\\/317-rubans-de-protection-en-pvc-premium-plus\\\/#primaryimage\"},\"thumbnailUrl\":\"https:\\\/\\\/kip-tape.com\\\/wp-content\\\/uploads\\\/161025_317-53.png\",\"datePublished\":\"2026-03-12T09:23:08+00:00\",\"dateModified\":\"2026-04-25T05:24:23+00:00\",\"description\":\"Le Rubans de protection PVC Premium Plus Kip 317 est un ruban PVC lisse fabriqu\u00e9 \u00e0 partir d'un film PVC souple, id\u00e9al pour le maquage des travaux de pl\u00e2trage, de stucage et de protection des b\u00e2timents, \u00e0 l'int\u00e9rieur comme \u00e0 l'ext\u00e9rieur. Il est particuli\u00e8rement facile \u00e0 d\u00e9rouler.\",\"breadcrumb\":{\"@id\":\"https:\\\/\\\/kip-tape.com\\\/fr\\\/produits\\\/317-rubans-de-protection-en-pvc-premium-plus\\\/#breadcrumb\"},\"inLanguage\":\"fr-FR\",\"potentialAction\":[{\"@type\":\"ReadAction\",\"target\":[\"https:\\\/\\\/kip-tape.com\\\/fr\\\/produits\\\/317-rubans-de-protection-en-pvc-premium-plus\\\/\"]}]},{\"@type\":\"ImageObject\",\"inLanguage\":\"fr-FR\",\"@id\":\"https:\\\/\\\/kip-tape.com\\\/fr\\\/produits\\\/317-rubans-de-protection-en-pvc-premium-plus\\\/#primaryimage\",\"url\":\"https:\\\/\\\/kip-tape.com\\\/wp-content\\\/uploads\\\/161025_317-53.png\",\"contentUrl\":\"https:\\\/\\\/kip-tape.com\\\/wp-content\\\/uploads\\\/161025_317-53.png\",\"width\":1269,\"height\":1500,\"caption\":\"Rubans de protection en PVC Kip 317 Premium : parfaits pour les maquages int\u00e9rieurs et ext\u00e9rieurs dans les travaux de pl\u00e2trage, de stucage et de protection des b\u00e2timents. Compos\u00e9 d'un film PVC souple, lisse et stable avec un adh\u00e9sif en caoutchouc naturel. R\u00e9sistant \u00e0 l'eau, aux acides, aux bases, \u00e0 l'alcool, aux huiles, \u00e0 l'essence et \u00e0 l'eau sal\u00e9e. Ind\u00e9formable en cas de variations de temp\u00e9rature (jusqu'\u00e0 80\u00b0C), permet le maquage de bords droits. Tr\u00e8s facile \u00e0 d\u00e9rouler. Id\u00e9al pour la protection professionnelle des supports lisses (bois peint\\\/appr\u00eat\u00e9, aluminium, verre). Attention au PVC d\u00e9grad\u00e9.\"},{\"@type\":\"BreadcrumbList\",\"@id\":\"https:\\\/\\\/kip-tape.com\\\/fr\\\/produits\\\/317-rubans-de-protection-en-pvc-premium-plus\\\/#breadcrumb\",\"itemListElement\":[{\"@type\":\"ListItem\",\"position\":1,\"name\":\"Startseite\",\"item\":\"https:\\\/\\\/kip-tape.com\\\/fr\\\/page-daccueil\\\/\"},{\"@type\":\"ListItem\",\"position\":2,\"name\":\"Boutique\",\"item\":\"https:\\\/\\\/kip-tape.com\\\/fr\\\/boutique\\\/\"},{\"@type\":\"ListItem\",\"position\":3,\"name\":\"317 Rubans de protection en PVC Premium Plus\"}]},{\"@type\":\"WebSite\",\"@id\":\"https:\\\/\\\/kip-tape.com\\\/fr\\\/#website\",\"url\":\"https:\\\/\\\/kip-tape.com\\\/fr\\\/\",\"name\":\"Kip\u00ae\",\"description\":\"Kip\u00ae haftet \\u2028f\u00fcr Qualit\u00e4t\",\"publisher\":{\"@id\":\"https:\\\/\\\/kip-tape.com\\\/fr\\\/#organization\"},\"potentialAction\":[{\"@type\":\"SearchAction\",\"target\":{\"@type\":\"EntryPoint\",\"urlTemplate\":\"https:\\\/\\\/kip-tape.com\\\/fr\\\/?s={search_term_string}\"},\"query-input\":{\"@type\":\"PropertyValueSpecification\",\"valueRequired\":true,\"valueName\":\"search_term_string\"}}],\"inLanguage\":\"fr-FR\"},{\"@type\":\"Organization\",\"@id\":\"https:\\\/\\\/kip-tape.com\\\/fr\\\/#organization\",\"name\":\"Kip\u00ae\",\"url\":\"https:\\\/\\\/kip-tape.com\\\/fr\\\/\",\"logo\":{\"@type\":\"ImageObject\",\"inLanguage\":\"fr-FR\",\"@id\":\"https:\\\/\\\/kip-tape.com\\\/fr\\\/#\\\/schema\\\/logo\\\/image\\\/\",\"url\":\"https:\\\/\\\/kip-tape.com\\\/wp-content\\\/uploads\\\/kip-logo.png\",\"contentUrl\":\"https:\\\/\\\/kip-tape.com\\\/wp-content\\\/uploads\\\/kip-logo.png\",\"width\":200,\"height\":123,\"caption\":\"Kip\u00ae\"},\"image\":{\"@id\":\"https:\\\/\\\/kip-tape.com\\\/fr\\\/#\\\/schema\\\/logo\\\/image\\\/\"}}]}<\/script>\n<!-- \/ Yoast SEO plugin. -->","yoast_head_json":{"title":"317 Rubans de protection en PVC Premium Plus | Rubans de protection | Kip\u00ae","description":"Le Rubans de protection PVC Premium Plus Kip 317 est un ruban PVC lisse fabriqu\u00e9 \u00e0 partir d'un film PVC souple, id\u00e9al pour le maquage des travaux de pl\u00e2trage, de stucage et de protection des b\u00e2timents, \u00e0 l'int\u00e9rieur comme \u00e0 l'ext\u00e9rieur. Il est particuli\u00e8rement facile \u00e0 d\u00e9rouler.","robots":{"index":"index","follow":"follow","max-snippet":"max-snippet:-1","max-image-preview":"max-image-preview:large","max-video-preview":"max-video-preview:-1"},"canonical":"https:\/\/kip-tape.com\/fr\/produits\/317-rubans-de-protection-en-pvc-premium-plus\/","og_locale":"fr_FR","og_type":"article","og_title":"317 Rubans de protection en PVC Premium Plus | Rubans de protection | Kip\u00ae","og_description":"Le Rubans de protection PVC Premium Plus Kip 317 est un ruban PVC lisse fabriqu\u00e9 \u00e0 partir d'un film PVC souple, id\u00e9al pour le maquage des travaux de pl\u00e2trage, de stucage et de protection des b\u00e2timents, \u00e0 l'int\u00e9rieur comme \u00e0 l'ext\u00e9rieur. Il est particuli\u00e8rement facile \u00e0 d\u00e9rouler.","og_url":"https:\/\/kip-tape.com\/fr\/produits\/317-rubans-de-protection-en-pvc-premium-plus\/","og_site_name":"Kip\u00ae","article_modified_time":"2026-04-25T05:24:23+00:00","og_image":[{"width":1269,"height":1500,"url":"https:\/\/kip-tape.com\/wp-content\/uploads\/161025_317-53.png","type":"image\/png"}],"twitter_card":"summary_large_image","schema":{"@context":"https:\/\/schema.org","@graph":[{"@type":"WebPage","@id":"https:\/\/kip-tape.com\/fr\/produits\/317-rubans-de-protection-en-pvc-premium-plus\/","url":"https:\/\/kip-tape.com\/fr\/produits\/317-rubans-de-protection-en-pvc-premium-plus\/","name":"317 Rubans de protection en PVC Premium Plus | Rubans de protection | Kip\u00ae","isPartOf":{"@id":"https:\/\/kip-tape.com\/fr\/#website"},"primaryImageOfPage":{"@id":"https:\/\/kip-tape.com\/fr\/produits\/317-rubans-de-protection-en-pvc-premium-plus\/#primaryimage"},"image":{"@id":"https:\/\/kip-tape.com\/fr\/produits\/317-rubans-de-protection-en-pvc-premium-plus\/#primaryimage"},"thumbnailUrl":"https:\/\/kip-tape.com\/wp-content\/uploads\/161025_317-53.png","datePublished":"2026-03-12T09:23:08+00:00","dateModified":"2026-04-25T05:24:23+00:00","description":"Le Rubans de protection PVC Premium Plus Kip 317 est un ruban PVC lisse fabriqu\u00e9 \u00e0 partir d'un film PVC souple, id\u00e9al pour le maquage des travaux de pl\u00e2trage, de stucage et de protection des b\u00e2timents, \u00e0 l'int\u00e9rieur comme \u00e0 l'ext\u00e9rieur. Il est particuli\u00e8rement facile \u00e0 d\u00e9rouler.","breadcrumb":{"@id":"https:\/\/kip-tape.com\/fr\/produits\/317-rubans-de-protection-en-pvc-premium-plus\/#breadcrumb"},"inLanguage":"fr-FR","potentialAction":[{"@type":"ReadAction","target":["https:\/\/kip-tape.com\/fr\/produits\/317-rubans-de-protection-en-pvc-premium-plus\/"]}]},{"@type":"ImageObject","inLanguage":"fr-FR","@id":"https:\/\/kip-tape.com\/fr\/produits\/317-rubans-de-protection-en-pvc-premium-plus\/#primaryimage","url":"https:\/\/kip-tape.com\/wp-content\/uploads\/161025_317-53.png","contentUrl":"https:\/\/kip-tape.com\/wp-content\/uploads\/161025_317-53.png","width":1269,"height":1500,"caption":"Rubans de protection en PVC Kip 317 Premium : parfaits pour les maquages int\u00e9rieurs et ext\u00e9rieurs dans les travaux de pl\u00e2trage, de stucage et de protection des b\u00e2timents. Compos\u00e9 d'un film PVC souple, lisse et stable avec un adh\u00e9sif en caoutchouc naturel. R\u00e9sistant \u00e0 l'eau, aux acides, aux bases, \u00e0 l'alcool, aux huiles, \u00e0 l'essence et \u00e0 l'eau sal\u00e9e. Ind\u00e9formable en cas de variations de temp\u00e9rature (jusqu'\u00e0 80\u00b0C), permet le maquage de bords droits. Tr\u00e8s facile \u00e0 d\u00e9rouler. Id\u00e9al pour la protection professionnelle des supports lisses (bois peint\/appr\u00eat\u00e9, aluminium, verre). Attention au PVC d\u00e9grad\u00e9."},{"@type":"BreadcrumbList","@id":"https:\/\/kip-tape.com\/fr\/produits\/317-rubans-de-protection-en-pvc-premium-plus\/#breadcrumb","itemListElement":[{"@type":"ListItem","position":1,"name":"Startseite","item":"https:\/\/kip-tape.com\/fr\/page-daccueil\/"},{"@type":"ListItem","position":2,"name":"Boutique","item":"https:\/\/kip-tape.com\/fr\/boutique\/"},{"@type":"ListItem","position":3,"name":"317 Rubans de protection en PVC Premium Plus"}]},{"@type":"WebSite","@id":"https:\/\/kip-tape.com\/fr\/#website","url":"https:\/\/kip-tape.com\/fr\/","name":"Kip\u00ae","description":"Kip\u00ae haftet \u2028f\u00fcr Qualit\u00e4t","publisher":{"@id":"https:\/\/kip-tape.com\/fr\/#organization"},"potentialAction":[{"@type":"SearchAction","target":{"@type":"EntryPoint","urlTemplate":"https:\/\/kip-tape.com\/fr\/?s={search_term_string}"},"query-input":{"@type":"PropertyValueSpecification","valueRequired":true,"valueName":"search_term_string"}}],"inLanguage":"fr-FR"},{"@type":"Organization","@id":"https:\/\/kip-tape.com\/fr\/#organization","name":"Kip\u00ae","url":"https:\/\/kip-tape.com\/fr\/","logo":{"@type":"ImageObject","inLanguage":"fr-FR","@id":"https:\/\/kip-tape.com\/fr\/#\/schema\/logo\/image\/","url":"https:\/\/kip-tape.com\/wp-content\/uploads\/kip-logo.png","contentUrl":"https:\/\/kip-tape.com\/wp-content\/uploads\/kip-logo.png","width":200,"height":123,"caption":"Kip\u00ae"},"image":{"@id":"https:\/\/kip-tape.com\/fr\/#\/schema\/logo\/image\/"}}]}},"_links":{"self":[{"href":"https:\/\/kip-tape.com\/fr\/wp-json\/wp\/v2\/product\/40806","targetHints":{"allow":["GET"]}}],"collection":[{"href":"https:\/\/kip-tape.com\/fr\/wp-json\/wp\/v2\/product"}],"about":[{"href":"https:\/\/kip-tape.com\/fr\/wp-json\/wp\/v2\/types\/product"}],"replies":[{"embeddable":true,"href":"https:\/\/kip-tape.com\/fr\/wp-json\/wp\/v2\/comments?post=40806"}],"version-history":[{"count":1,"href":"https:\/\/kip-tape.com\/fr\/wp-json\/wp\/v2\/product\/40806\/revisions"}],"predecessor-version":[{"id":41649,"href":"https:\/\/kip-tape.com\/fr\/wp-json\/wp\/v2\/product\/40806\/revisions\/41649"}],"wp:featuredmedia":[{"embeddable":true,"href":"https:\/\/kip-tape.com\/fr\/wp-json\/wp\/v2\/media\/25332"}],"wp:attachment":[{"href":"https:\/\/kip-tape.com\/fr\/wp-json\/wp\/v2\/media?parent=40806"}],"wp:term":[{"taxonomy":"product_brand","embeddable":true,"href":"https:\/\/kip-tape.com\/fr\/wp-json\/wp\/v2\/product_brand?post=40806"},{"taxonomy":"product_cat","embeddable":true,"href":"https:\/\/kip-tape.com\/fr\/wp-json\/wp\/v2\/product_cat?post=40806"},{"taxonomy":"product_tag","embeddable":true,"href":"https:\/\/kip-tape.com\/fr\/wp-json\/wp\/v2\/product_tag?post=40806"},{"taxonomy":"produktgruppe","embeddable":true,"href":"https:\/\/kip-tape.com\/fr\/wp-json\/wp\/v2\/produktgruppe?post=40806"}],"curies":[{"name":"wp","href":"https:\/\/api.w.org\/{rel}","templated":true}]}}