{"id":35493,"date":"2025-09-19T11:57:02","date_gmt":"2025-09-19T09:57:02","guid":{"rendered":"https:\/\/kip-tape.com\/produkt\/3824-ruban-pour-pierre\/"},"modified":"2026-03-26T15:14:38","modified_gmt":"2026-03-26T14:14:38","slug":"3824-ruban-pour-pierre","status":"publish","type":"product","link":"https:\/\/kip-tape.com\/fr\/produits\/3824-ruban-pour-pierre\/","title":{"rendered":"3824 Ruban pour pierre"},"content":{"rendered":"<p>Les Rubans pour pierre Kip sont une aide universelle pour de nombreux domaines. Ils sont compos\u00e9s d&rsquo;une maille et d&rsquo;un rev\u00eatement plastique PE et sont facilement d\u00e9chirables \u00e0 la main, r\u00e9sistants \u00e0 l&rsquo;eau et \u00e0 l&rsquo;huile, aux dommages m\u00e9caniques et aux influences chimiques. Id\u00e9al pour les travaux de recouvrement \u00e0 l&rsquo;int\u00e9rieur ou \u00e0 l&rsquo;ext\u00e9rieur, le sablage, les r\u00e9parations, l&rsquo;\u00e9limination de l&rsquo;amiante ou le scellage de conteneurs. L&rsquo;indication de maille indique le nombre de fils de tissu par pouce carr\u00e9 (1 pouce = 2,54 cm) dans le sens de la longueur et de la largeur. Cela a une influence sur la facilit\u00e9 d&rsquo;arrachage \u00e0 la main ainsi que sur la r\u00e9sistance au d\u00e9chirement du ruban. En outre, le mat\u00e9riau de tissage utilis\u00e9 ainsi que l&rsquo;\u00e9paisseur des fils jouent un r\u00f4le important dans la qualit\u00e9 du produit. Notre Ruban pour pierre de base a une \u00e9paisseur de 32 mesh avec un adh\u00e9sif hotmelt et un laminage PE. Il est ainsi hydrofuge et convient donc pour des travaux simples comme le maquage ou les r\u00e9parations - mais seulement \u00e0 des temp\u00e9ratures allant jusqu&rsquo;\u00e0 75\u00b0C. Il doit \u00eatre utilis\u00e9 avec pr\u00e9caution sur les surfaces peintes.        <\/p>\n","protected":false},"excerpt":{"rendered":"<p>Les Rubans pour pierre Kip sont une aide universelle pour de nombreux domaines. Ils sont compos\u00e9s d&rsquo;une maille et d&rsquo;un rev\u00eatement plastique PE et sont facilement d\u00e9chirables \u00e0 la main, r\u00e9sistants \u00e0 l&rsquo;eau et \u00e0 l&rsquo;huile, aux dommages m\u00e9caniques et aux influences chimiques. Id\u00e9al pour les travaux de recouvrement \u00e0 l&rsquo;int\u00e9rieur ou \u00e0 l&rsquo;ext\u00e9rieur, le [&hellip;]<\/p>\n","protected":false},"featured_media":23738,"comment_status":"open","ping_status":"closed","template":"","meta":[],"product_brand":[],"product_cat":[237,253,245],"product_tag":[],"produktgruppe":[254],"class_list":{"0":"post-35493","1":"product","2":"type-product","3":"status-publish","4":"has-post-thumbnail","6":"product_cat-maquage","7":"product_cat-regroupent","8":"product_cat-reparer","9":"produktgruppe-ruban-pour-pierre","11":"first","12":"instock","13":"shipping-taxable","14":"purchasable","15":"product-type-variable"},"yoast_head":"<!-- This site is optimized with the Yoast SEO plugin v27.3 - https:\/\/yoast.com\/product\/yoast-seo-wordpress\/ -->\n<title>3824 Ruban pour pierre | Ruban pour pierre | Kip\u00ae<\/title>\n<meta name=\"description\" content=\"Le Ruban pour pierre Kip 3824 est con\u00e7u pour les travaux de maquage et de r\u00e9paration simples.\" \/>\n<meta name=\"robots\" content=\"index, follow, max-snippet:-1, max-image-preview:large, max-video-preview:-1\" \/>\n<link rel=\"canonical\" href=\"https:\/\/kip-tape.com\/fr\/produits\/3824-ruban-pour-pierre\/\" \/>\n<meta property=\"og:locale\" content=\"fr_FR\" \/>\n<meta property=\"og:type\" content=\"article\" \/>\n<meta property=\"og:title\" content=\"3824 Ruban pour pierre | Ruban pour pierre | Kip\u00ae\" \/>\n<meta property=\"og:description\" content=\"Le Ruban pour pierre Kip 3824 est con\u00e7u pour les travaux de maquage et de r\u00e9paration simples.\" \/>\n<meta property=\"og:url\" content=\"https:\/\/kip-tape.com\/fr\/produits\/3824-ruban-pour-pierre\/\" \/>\n<meta property=\"og:site_name\" content=\"Kip\u00ae\" \/>\n<meta property=\"article:modified_time\" content=\"2026-03-26T14:14:38+00:00\" \/>\n<meta property=\"og:image\" content=\"https:\/\/kip-tape.com\/wp-content\/uploads\/141027_3824-38.png\" \/>\n\t<meta property=\"og:image:width\" content=\"1289\" \/>\n\t<meta property=\"og:image:height\" content=\"1500\" \/>\n\t<meta property=\"og:image:type\" content=\"image\/png\" \/>\n<meta name=\"twitter:card\" content=\"summary_large_image\" \/>\n<meta name=\"twitter:label1\" content=\"Dur\u00e9e de lecture estim\u00e9e\" \/>\n\t<meta name=\"twitter:data1\" content=\"1 minute\" \/>\n<script type=\"application\/ld+json\" class=\"yoast-schema-graph\">{\"@context\":\"https:\\\/\\\/schema.org\",\"@graph\":[{\"@type\":\"WebPage\",\"@id\":\"https:\\\/\\\/kip-tape.com\\\/fr\\\/produits\\\/3824-ruban-pour-pierre\\\/\",\"url\":\"https:\\\/\\\/kip-tape.com\\\/fr\\\/produits\\\/3824-ruban-pour-pierre\\\/\",\"name\":\"3824 Ruban pour pierre | Ruban pour pierre | Kip\u00ae\",\"isPartOf\":{\"@id\":\"https:\\\/\\\/kip-tape.com\\\/fr\\\/#website\"},\"primaryImageOfPage\":{\"@id\":\"https:\\\/\\\/kip-tape.com\\\/fr\\\/produits\\\/3824-ruban-pour-pierre\\\/#primaryimage\"},\"image\":{\"@id\":\"https:\\\/\\\/kip-tape.com\\\/fr\\\/produits\\\/3824-ruban-pour-pierre\\\/#primaryimage\"},\"thumbnailUrl\":\"https:\\\/\\\/kip-tape.com\\\/wp-content\\\/uploads\\\/141027_3824-38.png\",\"datePublished\":\"2025-09-19T09:57:02+00:00\",\"dateModified\":\"2026-03-26T14:14:38+00:00\",\"description\":\"Le Ruban pour pierre Kip 3824 est con\u00e7u pour les travaux de maquage et de r\u00e9paration simples.\",\"breadcrumb\":{\"@id\":\"https:\\\/\\\/kip-tape.com\\\/fr\\\/produits\\\/3824-ruban-pour-pierre\\\/#breadcrumb\"},\"inLanguage\":\"fr-FR\",\"potentialAction\":[{\"@type\":\"ReadAction\",\"target\":[\"https:\\\/\\\/kip-tape.com\\\/fr\\\/produits\\\/3824-ruban-pour-pierre\\\/\"]}]},{\"@type\":\"ImageObject\",\"inLanguage\":\"fr-FR\",\"@id\":\"https:\\\/\\\/kip-tape.com\\\/fr\\\/produits\\\/3824-ruban-pour-pierre\\\/#primaryimage\",\"url\":\"https:\\\/\\\/kip-tape.com\\\/wp-content\\\/uploads\\\/141027_3824-38.png\",\"contentUrl\":\"https:\\\/\\\/kip-tape.com\\\/wp-content\\\/uploads\\\/141027_3824-38.png\",\"width\":1289,\"height\":1500,\"caption\":\"Ruban pour pierre Kip 3824 : aide universelle, compos\u00e9e de 32 mailles avec colle hotmelt et laminage PE. Hydrophobe, facilement d\u00e9chirable \u00e0 la main, r\u00e9sistant \u00e0 l'eau et \u00e0 l'huile, r\u00e9sistant aux dommages m\u00e9caniques et aux influences chimiques. Id\u00e9al pour les travaux de masquage int\u00e9rieur\\\/ext\u00e9rieur, le sablage, les r\u00e9parations, l'\u00e9limination de l'amiante, le scellement de conteneurs ou les emballages. R\u00e9sistance thermique jusqu'\u00e0 75\u00b0C. Attention aux surfaces peintes.\"},{\"@type\":\"BreadcrumbList\",\"@id\":\"https:\\\/\\\/kip-tape.com\\\/fr\\\/produits\\\/3824-ruban-pour-pierre\\\/#breadcrumb\",\"itemListElement\":[{\"@type\":\"ListItem\",\"position\":1,\"name\":\"Startseite\",\"item\":\"https:\\\/\\\/kip-tape.com\\\/fr\\\/page-daccueil\\\/\"},{\"@type\":\"ListItem\",\"position\":2,\"name\":\"Boutique\",\"item\":\"https:\\\/\\\/kip-tape.com\\\/fr\\\/boutique\\\/\"},{\"@type\":\"ListItem\",\"position\":3,\"name\":\"3824 Ruban pour pierre\"}]},{\"@type\":\"WebSite\",\"@id\":\"https:\\\/\\\/kip-tape.com\\\/fr\\\/#website\",\"url\":\"https:\\\/\\\/kip-tape.com\\\/fr\\\/\",\"name\":\"Kip\u00ae\",\"description\":\"Kip\u00ae haftet \\u2028f\u00fcr Qualit\u00e4t\",\"publisher\":{\"@id\":\"https:\\\/\\\/kip-tape.com\\\/fr\\\/#organization\"},\"potentialAction\":[{\"@type\":\"SearchAction\",\"target\":{\"@type\":\"EntryPoint\",\"urlTemplate\":\"https:\\\/\\\/kip-tape.com\\\/fr\\\/?s={search_term_string}\"},\"query-input\":{\"@type\":\"PropertyValueSpecification\",\"valueRequired\":true,\"valueName\":\"search_term_string\"}}],\"inLanguage\":\"fr-FR\"},{\"@type\":\"Organization\",\"@id\":\"https:\\\/\\\/kip-tape.com\\\/fr\\\/#organization\",\"name\":\"Kip\u00ae\",\"url\":\"https:\\\/\\\/kip-tape.com\\\/fr\\\/\",\"logo\":{\"@type\":\"ImageObject\",\"inLanguage\":\"fr-FR\",\"@id\":\"https:\\\/\\\/kip-tape.com\\\/fr\\\/#\\\/schema\\\/logo\\\/image\\\/\",\"url\":\"https:\\\/\\\/kip-tape.com\\\/wp-content\\\/uploads\\\/kip-logo.png\",\"contentUrl\":\"https:\\\/\\\/kip-tape.com\\\/wp-content\\\/uploads\\\/kip-logo.png\",\"width\":200,\"height\":123,\"caption\":\"Kip\u00ae\"},\"image\":{\"@id\":\"https:\\\/\\\/kip-tape.com\\\/fr\\\/#\\\/schema\\\/logo\\\/image\\\/\"}}]}<\/script>\n<!-- \/ Yoast SEO plugin. -->","yoast_head_json":{"title":"3824 Ruban pour pierre | Ruban pour pierre | Kip\u00ae","description":"Le Ruban pour pierre Kip 3824 est con\u00e7u pour les travaux de maquage et de r\u00e9paration simples.","robots":{"index":"index","follow":"follow","max-snippet":"max-snippet:-1","max-image-preview":"max-image-preview:large","max-video-preview":"max-video-preview:-1"},"canonical":"https:\/\/kip-tape.com\/fr\/produits\/3824-ruban-pour-pierre\/","og_locale":"fr_FR","og_type":"article","og_title":"3824 Ruban pour pierre | Ruban pour pierre | Kip\u00ae","og_description":"Le Ruban pour pierre Kip 3824 est con\u00e7u pour les travaux de maquage et de r\u00e9paration simples.","og_url":"https:\/\/kip-tape.com\/fr\/produits\/3824-ruban-pour-pierre\/","og_site_name":"Kip\u00ae","article_modified_time":"2026-03-26T14:14:38+00:00","og_image":[{"url":"https:\/\/kip-tape.com\/wp-content\/uploads\/141027_3824-38.png","width":1289,"height":1500,"type":"image\/png"}],"twitter_card":"summary_large_image","twitter_misc":{"Dur\u00e9e de lecture estim\u00e9e":"1 minute"},"schema":{"@context":"https:\/\/schema.org","@graph":[{"@type":"WebPage","@id":"https:\/\/kip-tape.com\/fr\/produits\/3824-ruban-pour-pierre\/","url":"https:\/\/kip-tape.com\/fr\/produits\/3824-ruban-pour-pierre\/","name":"3824 Ruban pour pierre | Ruban pour pierre | Kip\u00ae","isPartOf":{"@id":"https:\/\/kip-tape.com\/fr\/#website"},"primaryImageOfPage":{"@id":"https:\/\/kip-tape.com\/fr\/produits\/3824-ruban-pour-pierre\/#primaryimage"},"image":{"@id":"https:\/\/kip-tape.com\/fr\/produits\/3824-ruban-pour-pierre\/#primaryimage"},"thumbnailUrl":"https:\/\/kip-tape.com\/wp-content\/uploads\/141027_3824-38.png","datePublished":"2025-09-19T09:57:02+00:00","dateModified":"2026-03-26T14:14:38+00:00","description":"Le Ruban pour pierre Kip 3824 est con\u00e7u pour les travaux de maquage et de r\u00e9paration simples.","breadcrumb":{"@id":"https:\/\/kip-tape.com\/fr\/produits\/3824-ruban-pour-pierre\/#breadcrumb"},"inLanguage":"fr-FR","potentialAction":[{"@type":"ReadAction","target":["https:\/\/kip-tape.com\/fr\/produits\/3824-ruban-pour-pierre\/"]}]},{"@type":"ImageObject","inLanguage":"fr-FR","@id":"https:\/\/kip-tape.com\/fr\/produits\/3824-ruban-pour-pierre\/#primaryimage","url":"https:\/\/kip-tape.com\/wp-content\/uploads\/141027_3824-38.png","contentUrl":"https:\/\/kip-tape.com\/wp-content\/uploads\/141027_3824-38.png","width":1289,"height":1500,"caption":"Ruban pour pierre Kip 3824 : aide universelle, compos\u00e9e de 32 mailles avec colle hotmelt et laminage PE. Hydrophobe, facilement d\u00e9chirable \u00e0 la main, r\u00e9sistant \u00e0 l'eau et \u00e0 l'huile, r\u00e9sistant aux dommages m\u00e9caniques et aux influences chimiques. Id\u00e9al pour les travaux de masquage int\u00e9rieur\/ext\u00e9rieur, le sablage, les r\u00e9parations, l'\u00e9limination de l'amiante, le scellement de conteneurs ou les emballages. R\u00e9sistance thermique jusqu'\u00e0 75\u00b0C. Attention aux surfaces peintes."},{"@type":"BreadcrumbList","@id":"https:\/\/kip-tape.com\/fr\/produits\/3824-ruban-pour-pierre\/#breadcrumb","itemListElement":[{"@type":"ListItem","position":1,"name":"Startseite","item":"https:\/\/kip-tape.com\/fr\/page-daccueil\/"},{"@type":"ListItem","position":2,"name":"Boutique","item":"https:\/\/kip-tape.com\/fr\/boutique\/"},{"@type":"ListItem","position":3,"name":"3824 Ruban pour pierre"}]},{"@type":"WebSite","@id":"https:\/\/kip-tape.com\/fr\/#website","url":"https:\/\/kip-tape.com\/fr\/","name":"Kip\u00ae","description":"Kip\u00ae haftet \u2028f\u00fcr Qualit\u00e4t","publisher":{"@id":"https:\/\/kip-tape.com\/fr\/#organization"},"potentialAction":[{"@type":"SearchAction","target":{"@type":"EntryPoint","urlTemplate":"https:\/\/kip-tape.com\/fr\/?s={search_term_string}"},"query-input":{"@type":"PropertyValueSpecification","valueRequired":true,"valueName":"search_term_string"}}],"inLanguage":"fr-FR"},{"@type":"Organization","@id":"https:\/\/kip-tape.com\/fr\/#organization","name":"Kip\u00ae","url":"https:\/\/kip-tape.com\/fr\/","logo":{"@type":"ImageObject","inLanguage":"fr-FR","@id":"https:\/\/kip-tape.com\/fr\/#\/schema\/logo\/image\/","url":"https:\/\/kip-tape.com\/wp-content\/uploads\/kip-logo.png","contentUrl":"https:\/\/kip-tape.com\/wp-content\/uploads\/kip-logo.png","width":200,"height":123,"caption":"Kip\u00ae"},"image":{"@id":"https:\/\/kip-tape.com\/fr\/#\/schema\/logo\/image\/"}}]}},"_links":{"self":[{"href":"https:\/\/kip-tape.com\/fr\/wp-json\/wp\/v2\/product\/35493","targetHints":{"allow":["GET"]}}],"collection":[{"href":"https:\/\/kip-tape.com\/fr\/wp-json\/wp\/v2\/product"}],"about":[{"href":"https:\/\/kip-tape.com\/fr\/wp-json\/wp\/v2\/types\/product"}],"replies":[{"embeddable":true,"href":"https:\/\/kip-tape.com\/fr\/wp-json\/wp\/v2\/comments?post=35493"}],"version-history":[{"count":1,"href":"https:\/\/kip-tape.com\/fr\/wp-json\/wp\/v2\/product\/35493\/revisions"}],"predecessor-version":[{"id":37402,"href":"https:\/\/kip-tape.com\/fr\/wp-json\/wp\/v2\/product\/35493\/revisions\/37402"}],"wp:featuredmedia":[{"embeddable":true,"href":"https:\/\/kip-tape.com\/fr\/wp-json\/wp\/v2\/media\/23738"}],"wp:attachment":[{"href":"https:\/\/kip-tape.com\/fr\/wp-json\/wp\/v2\/media?parent=35493"}],"wp:term":[{"taxonomy":"product_brand","embeddable":true,"href":"https:\/\/kip-tape.com\/fr\/wp-json\/wp\/v2\/product_brand?post=35493"},{"taxonomy":"product_cat","embeddable":true,"href":"https:\/\/kip-tape.com\/fr\/wp-json\/wp\/v2\/product_cat?post=35493"},{"taxonomy":"product_tag","embeddable":true,"href":"https:\/\/kip-tape.com\/fr\/wp-json\/wp\/v2\/product_tag?post=35493"},{"taxonomy":"produktgruppe","embeddable":true,"href":"https:\/\/kip-tape.com\/fr\/wp-json\/wp\/v2\/produktgruppe?post=35493"}],"curies":[{"name":"wp","href":"https:\/\/api.w.org\/{rel}","templated":true}]}}