{"id":34890,"date":"2025-09-19T11:48:29","date_gmt":"2025-09-19T09:48:29","guid":{"rendered":"https:\/\/kip-tape.com\/produkt\/332-masking-tec-ruban-de-masquage-crepe-masker\/"},"modified":"2026-04-03T07:22:26","modified_gmt":"2026-04-03T05:22:26","slug":"332-masking-tec-ruban-de-masquage-crepe-masker","status":"publish","type":"product","link":"https:\/\/kip-tape.com\/fr\/produits\/332-masking-tec-ruban-de-masquage-crepe-masker\/","title":{"rendered":"332 MASKING TEC Masker\u00ae Le masque de protection contre les projections d&rsquo;eau."},"content":{"rendered":"<p>Le Ruban de masquage cr\u00eap\u00ea de haute qualit\u00e9 Kip permet de recouvrir et de masquer rapidement et efficacement les bords, les poutres, les corniches et les grandes surfaces. Avec sa qualit\u00e9 de bande de cr\u00eape premium, il est particuli\u00e8rement adapt\u00e9 au masquage rapide de surfaces. Gr\u00e2ce \u00e0 l&rsquo;\u00e9lectricit\u00e9 statique, le film de masquage PE respectueux de l&rsquo;environnement s&rsquo;adapte parfaitement au support. Disponible en 550 ou 2600 mm de large, le Ruban de masquage cr\u00eap\u00ea Masker est \u00e9galement disponible en distributeur. Il peut \u00eatre utilis\u00e9 sur presque tous les supports int\u00e9rieurs et r\u00e9siste \u00e0 des temp\u00e9ratures allant jusqu&rsquo;\u00e0 90\u00b0C.    <\/p>\n","protected":false},"excerpt":{"rendered":"<p>Le Ruban de masquage cr\u00eap\u00ea de haute qualit\u00e9 Kip permet de recouvrir et de masquer rapidement et efficacement les bords, les poutres, les corniches et les grandes surfaces. Avec sa qualit\u00e9 de bande de cr\u00eape premium, il est particuli\u00e8rement adapt\u00e9 au masquage rapide de surfaces. Gr\u00e2ce \u00e0 l&rsquo;\u00e9lectricit\u00e9 statique, le film de masquage PE respectueux [&hellip;]<\/p>\n","protected":false},"featured_media":23694,"comment_status":"closed","ping_status":"closed","template":"","meta":[],"product_brand":[],"product_cat":[266,256],"product_tag":[],"produktgruppe":[314],"class_list":{"0":"post-34890","1":"product","2":"type-product","3":"status-publish","4":"has-post-thumbnail","6":"product_cat-proteger","7":"product_cat-recouvrir","8":"produktgruppe-masker-fr","10":"first","11":"instock","12":"shipping-taxable","13":"purchasable","14":"product-type-variable"},"yoast_head":"<!-- This site is optimized with the Yoast SEO plugin v27.4 - https:\/\/yoast.com\/product\/yoast-seo-wordpress\/ -->\n<title>332 MASKING TEC Masker\u00ae Le masque de protection contre les projections d&#039;eau. | Masker | Kip\u00ae<\/title>\n<meta name=\"description\" content=\"Le Kip 332 MASKING-TEC\u00ae Masker est un masker professionnel compos\u00e9 d&#039;une bande de cr\u00eape fin de qualit\u00e9 sup\u00e9rieure et d&#039;un film PE pour masquer rapidement et facilement de grandes surfaces enti\u00e8res.\" \/>\n<meta name=\"robots\" content=\"index, follow, max-snippet:-1, max-image-preview:large, max-video-preview:-1\" \/>\n<link rel=\"canonical\" href=\"https:\/\/kip-tape.com\/fr\/produits\/332-masking-tec-ruban-de-masquage-crepe-masker\/\" \/>\n<meta property=\"og:locale\" content=\"fr_FR\" \/>\n<meta property=\"og:type\" content=\"article\" \/>\n<meta property=\"og:title\" content=\"332 MASKING TEC Masker\u00ae Le masque de protection contre les projections d&#039;eau. | Masker | Kip\u00ae\" \/>\n<meta property=\"og:description\" content=\"Le Kip 332 MASKING-TEC\u00ae Masker est un masker professionnel compos\u00e9 d&#039;une bande de cr\u00eape fin de qualit\u00e9 sup\u00e9rieure et d&#039;un film PE pour masquer rapidement et facilement de grandes surfaces enti\u00e8res.\" \/>\n<meta property=\"og:url\" content=\"https:\/\/kip-tape.com\/fr\/produits\/332-masking-tec-ruban-de-masquage-crepe-masker\/\" \/>\n<meta property=\"og:site_name\" content=\"Kip\u00ae\" \/>\n<meta property=\"article:modified_time\" content=\"2026-04-03T05:22:26+00:00\" \/>\n<meta property=\"og:image\" content=\"https:\/\/kip-tape.com\/wp-content\/uploads\/141022_332-16.png\" \/>\n\t<meta property=\"og:image:width\" content=\"570\" \/>\n\t<meta property=\"og:image:height\" content=\"1500\" \/>\n\t<meta property=\"og:image:type\" content=\"image\/png\" \/>\n<meta name=\"twitter:card\" content=\"summary_large_image\" \/>\n<meta name=\"twitter:label1\" content=\"Dur\u00e9e de lecture estim\u00e9e\" \/>\n\t<meta name=\"twitter:data1\" content=\"1 minute\" \/>\n<script type=\"application\/ld+json\" class=\"yoast-schema-graph\">{\"@context\":\"https:\\\/\\\/schema.org\",\"@graph\":[{\"@type\":\"WebPage\",\"@id\":\"https:\\\/\\\/kip-tape.com\\\/fr\\\/produits\\\/332-masking-tec-ruban-de-masquage-crepe-masker\\\/\",\"url\":\"https:\\\/\\\/kip-tape.com\\\/fr\\\/produits\\\/332-masking-tec-ruban-de-masquage-crepe-masker\\\/\",\"name\":\"332 MASKING TEC Masker\u00ae Le masque de protection contre les projections d'eau. | Masker | Kip\u00ae\",\"isPartOf\":{\"@id\":\"https:\\\/\\\/kip-tape.com\\\/fr\\\/#website\"},\"primaryImageOfPage\":{\"@id\":\"https:\\\/\\\/kip-tape.com\\\/fr\\\/produits\\\/332-masking-tec-ruban-de-masquage-crepe-masker\\\/#primaryimage\"},\"image\":{\"@id\":\"https:\\\/\\\/kip-tape.com\\\/fr\\\/produits\\\/332-masking-tec-ruban-de-masquage-crepe-masker\\\/#primaryimage\"},\"thumbnailUrl\":\"https:\\\/\\\/kip-tape.com\\\/wp-content\\\/uploads\\\/141022_332-16.png\",\"datePublished\":\"2025-09-19T09:48:29+00:00\",\"dateModified\":\"2026-04-03T05:22:26+00:00\",\"description\":\"Le Kip 332 MASKING-TEC\u00ae Masker est un masker professionnel compos\u00e9 d'une bande de cr\u00eape fin de qualit\u00e9 sup\u00e9rieure et d'un film PE pour masquer rapidement et facilement de grandes surfaces enti\u00e8res.\",\"breadcrumb\":{\"@id\":\"https:\\\/\\\/kip-tape.com\\\/fr\\\/produits\\\/332-masking-tec-ruban-de-masquage-crepe-masker\\\/#breadcrumb\"},\"inLanguage\":\"fr-FR\",\"potentialAction\":[{\"@type\":\"ReadAction\",\"target\":[\"https:\\\/\\\/kip-tape.com\\\/fr\\\/produits\\\/332-masking-tec-ruban-de-masquage-crepe-masker\\\/\"]}]},{\"@type\":\"ImageObject\",\"inLanguage\":\"fr-FR\",\"@id\":\"https:\\\/\\\/kip-tape.com\\\/fr\\\/produits\\\/332-masking-tec-ruban-de-masquage-crepe-masker\\\/#primaryimage\",\"url\":\"https:\\\/\\\/kip-tape.com\\\/wp-content\\\/uploads\\\/141022_332-16.png\",\"contentUrl\":\"https:\\\/\\\/kip-tape.com\\\/wp-content\\\/uploads\\\/141022_332-16.png\",\"width\":570,\"height\":1500,\"caption\":\"Kip 332 MASKING-TEC\u00ae Masker avec distributeur : ruban de cr\u00eapage fin de haute qualit\u00e9 avec film de masquage PE \u00e9cologique. Permet un maquage et un recouvrement rapides et efficaces des bords, poutres, corniches et grandes surfaces. Le film s'adapte automatiquement au support gr\u00e2ce \u00e0 l'\u00e9lectricit\u00e9 statique. \u00c9galement disponible en distributeur, en largeur de 550 ou 2600 mm. Convient \u00e0 presque tous les supports int\u00e9rieurs, r\u00e9siste \u00e0 90\u00b0C.\"},{\"@type\":\"BreadcrumbList\",\"@id\":\"https:\\\/\\\/kip-tape.com\\\/fr\\\/produits\\\/332-masking-tec-ruban-de-masquage-crepe-masker\\\/#breadcrumb\",\"itemListElement\":[{\"@type\":\"ListItem\",\"position\":1,\"name\":\"Startseite\",\"item\":\"https:\\\/\\\/kip-tape.com\\\/fr\\\/page-daccueil\\\/\"},{\"@type\":\"ListItem\",\"position\":2,\"name\":\"Boutique\",\"item\":\"https:\\\/\\\/kip-tape.com\\\/fr\\\/boutique\\\/\"},{\"@type\":\"ListItem\",\"position\":3,\"name\":\"332 MASKING TEC Masker\u00ae Le masque de protection contre les projections d&rsquo;eau.\"}]},{\"@type\":\"WebSite\",\"@id\":\"https:\\\/\\\/kip-tape.com\\\/fr\\\/#website\",\"url\":\"https:\\\/\\\/kip-tape.com\\\/fr\\\/\",\"name\":\"Kip\u00ae\",\"description\":\"Kip\u00ae haftet \\u2028f\u00fcr Qualit\u00e4t\",\"publisher\":{\"@id\":\"https:\\\/\\\/kip-tape.com\\\/fr\\\/#organization\"},\"potentialAction\":[{\"@type\":\"SearchAction\",\"target\":{\"@type\":\"EntryPoint\",\"urlTemplate\":\"https:\\\/\\\/kip-tape.com\\\/fr\\\/?s={search_term_string}\"},\"query-input\":{\"@type\":\"PropertyValueSpecification\",\"valueRequired\":true,\"valueName\":\"search_term_string\"}}],\"inLanguage\":\"fr-FR\"},{\"@type\":\"Organization\",\"@id\":\"https:\\\/\\\/kip-tape.com\\\/fr\\\/#organization\",\"name\":\"Kip\u00ae\",\"url\":\"https:\\\/\\\/kip-tape.com\\\/fr\\\/\",\"logo\":{\"@type\":\"ImageObject\",\"inLanguage\":\"fr-FR\",\"@id\":\"https:\\\/\\\/kip-tape.com\\\/fr\\\/#\\\/schema\\\/logo\\\/image\\\/\",\"url\":\"https:\\\/\\\/kip-tape.com\\\/wp-content\\\/uploads\\\/kip-logo.png\",\"contentUrl\":\"https:\\\/\\\/kip-tape.com\\\/wp-content\\\/uploads\\\/kip-logo.png\",\"width\":200,\"height\":123,\"caption\":\"Kip\u00ae\"},\"image\":{\"@id\":\"https:\\\/\\\/kip-tape.com\\\/fr\\\/#\\\/schema\\\/logo\\\/image\\\/\"}}]}<\/script>\n<!-- \/ Yoast SEO plugin. -->","yoast_head_json":{"title":"332 MASKING TEC Masker\u00ae Le masque de protection contre les projections d'eau. | Masker | Kip\u00ae","description":"Le Kip 332 MASKING-TEC\u00ae Masker est un masker professionnel compos\u00e9 d'une bande de cr\u00eape fin de qualit\u00e9 sup\u00e9rieure et d'un film PE pour masquer rapidement et facilement de grandes surfaces enti\u00e8res.","robots":{"index":"index","follow":"follow","max-snippet":"max-snippet:-1","max-image-preview":"max-image-preview:large","max-video-preview":"max-video-preview:-1"},"canonical":"https:\/\/kip-tape.com\/fr\/produits\/332-masking-tec-ruban-de-masquage-crepe-masker\/","og_locale":"fr_FR","og_type":"article","og_title":"332 MASKING TEC Masker\u00ae Le masque de protection contre les projections d'eau. | Masker | Kip\u00ae","og_description":"Le Kip 332 MASKING-TEC\u00ae Masker est un masker professionnel compos\u00e9 d'une bande de cr\u00eape fin de qualit\u00e9 sup\u00e9rieure et d'un film PE pour masquer rapidement et facilement de grandes surfaces enti\u00e8res.","og_url":"https:\/\/kip-tape.com\/fr\/produits\/332-masking-tec-ruban-de-masquage-crepe-masker\/","og_site_name":"Kip\u00ae","article_modified_time":"2026-04-03T05:22:26+00:00","og_image":[{"width":570,"height":1500,"url":"https:\/\/kip-tape.com\/wp-content\/uploads\/141022_332-16.png","type":"image\/png"}],"twitter_card":"summary_large_image","twitter_misc":{"Dur\u00e9e de lecture estim\u00e9e":"1 minute"},"schema":{"@context":"https:\/\/schema.org","@graph":[{"@type":"WebPage","@id":"https:\/\/kip-tape.com\/fr\/produits\/332-masking-tec-ruban-de-masquage-crepe-masker\/","url":"https:\/\/kip-tape.com\/fr\/produits\/332-masking-tec-ruban-de-masquage-crepe-masker\/","name":"332 MASKING TEC Masker\u00ae Le masque de protection contre les projections d'eau. | Masker | Kip\u00ae","isPartOf":{"@id":"https:\/\/kip-tape.com\/fr\/#website"},"primaryImageOfPage":{"@id":"https:\/\/kip-tape.com\/fr\/produits\/332-masking-tec-ruban-de-masquage-crepe-masker\/#primaryimage"},"image":{"@id":"https:\/\/kip-tape.com\/fr\/produits\/332-masking-tec-ruban-de-masquage-crepe-masker\/#primaryimage"},"thumbnailUrl":"https:\/\/kip-tape.com\/wp-content\/uploads\/141022_332-16.png","datePublished":"2025-09-19T09:48:29+00:00","dateModified":"2026-04-03T05:22:26+00:00","description":"Le Kip 332 MASKING-TEC\u00ae Masker est un masker professionnel compos\u00e9 d'une bande de cr\u00eape fin de qualit\u00e9 sup\u00e9rieure et d'un film PE pour masquer rapidement et facilement de grandes surfaces enti\u00e8res.","breadcrumb":{"@id":"https:\/\/kip-tape.com\/fr\/produits\/332-masking-tec-ruban-de-masquage-crepe-masker\/#breadcrumb"},"inLanguage":"fr-FR","potentialAction":[{"@type":"ReadAction","target":["https:\/\/kip-tape.com\/fr\/produits\/332-masking-tec-ruban-de-masquage-crepe-masker\/"]}]},{"@type":"ImageObject","inLanguage":"fr-FR","@id":"https:\/\/kip-tape.com\/fr\/produits\/332-masking-tec-ruban-de-masquage-crepe-masker\/#primaryimage","url":"https:\/\/kip-tape.com\/wp-content\/uploads\/141022_332-16.png","contentUrl":"https:\/\/kip-tape.com\/wp-content\/uploads\/141022_332-16.png","width":570,"height":1500,"caption":"Kip 332 MASKING-TEC\u00ae Masker avec distributeur : ruban de cr\u00eapage fin de haute qualit\u00e9 avec film de masquage PE \u00e9cologique. Permet un maquage et un recouvrement rapides et efficaces des bords, poutres, corniches et grandes surfaces. Le film s'adapte automatiquement au support gr\u00e2ce \u00e0 l'\u00e9lectricit\u00e9 statique. \u00c9galement disponible en distributeur, en largeur de 550 ou 2600 mm. Convient \u00e0 presque tous les supports int\u00e9rieurs, r\u00e9siste \u00e0 90\u00b0C."},{"@type":"BreadcrumbList","@id":"https:\/\/kip-tape.com\/fr\/produits\/332-masking-tec-ruban-de-masquage-crepe-masker\/#breadcrumb","itemListElement":[{"@type":"ListItem","position":1,"name":"Startseite","item":"https:\/\/kip-tape.com\/fr\/page-daccueil\/"},{"@type":"ListItem","position":2,"name":"Boutique","item":"https:\/\/kip-tape.com\/fr\/boutique\/"},{"@type":"ListItem","position":3,"name":"332 MASKING TEC Masker\u00ae Le masque de protection contre les projections d&rsquo;eau."}]},{"@type":"WebSite","@id":"https:\/\/kip-tape.com\/fr\/#website","url":"https:\/\/kip-tape.com\/fr\/","name":"Kip\u00ae","description":"Kip\u00ae haftet \u2028f\u00fcr Qualit\u00e4t","publisher":{"@id":"https:\/\/kip-tape.com\/fr\/#organization"},"potentialAction":[{"@type":"SearchAction","target":{"@type":"EntryPoint","urlTemplate":"https:\/\/kip-tape.com\/fr\/?s={search_term_string}"},"query-input":{"@type":"PropertyValueSpecification","valueRequired":true,"valueName":"search_term_string"}}],"inLanguage":"fr-FR"},{"@type":"Organization","@id":"https:\/\/kip-tape.com\/fr\/#organization","name":"Kip\u00ae","url":"https:\/\/kip-tape.com\/fr\/","logo":{"@type":"ImageObject","inLanguage":"fr-FR","@id":"https:\/\/kip-tape.com\/fr\/#\/schema\/logo\/image\/","url":"https:\/\/kip-tape.com\/wp-content\/uploads\/kip-logo.png","contentUrl":"https:\/\/kip-tape.com\/wp-content\/uploads\/kip-logo.png","width":200,"height":123,"caption":"Kip\u00ae"},"image":{"@id":"https:\/\/kip-tape.com\/fr\/#\/schema\/logo\/image\/"}}]}},"_links":{"self":[{"href":"https:\/\/kip-tape.com\/fr\/wp-json\/wp\/v2\/product\/34890","targetHints":{"allow":["GET"]}}],"collection":[{"href":"https:\/\/kip-tape.com\/fr\/wp-json\/wp\/v2\/product"}],"about":[{"href":"https:\/\/kip-tape.com\/fr\/wp-json\/wp\/v2\/types\/product"}],"replies":[{"embeddable":true,"href":"https:\/\/kip-tape.com\/fr\/wp-json\/wp\/v2\/comments?post=34890"}],"version-history":[{"count":2,"href":"https:\/\/kip-tape.com\/fr\/wp-json\/wp\/v2\/product\/34890\/revisions"}],"predecessor-version":[{"id":40049,"href":"https:\/\/kip-tape.com\/fr\/wp-json\/wp\/v2\/product\/34890\/revisions\/40049"}],"wp:featuredmedia":[{"embeddable":true,"href":"https:\/\/kip-tape.com\/fr\/wp-json\/wp\/v2\/media\/23694"}],"wp:attachment":[{"href":"https:\/\/kip-tape.com\/fr\/wp-json\/wp\/v2\/media?parent=34890"}],"wp:term":[{"taxonomy":"product_brand","embeddable":true,"href":"https:\/\/kip-tape.com\/fr\/wp-json\/wp\/v2\/product_brand?post=34890"},{"taxonomy":"product_cat","embeddable":true,"href":"https:\/\/kip-tape.com\/fr\/wp-json\/wp\/v2\/product_cat?post=34890"},{"taxonomy":"product_tag","embeddable":true,"href":"https:\/\/kip-tape.com\/fr\/wp-json\/wp\/v2\/product_tag?post=34890"},{"taxonomy":"produktgruppe","embeddable":true,"href":"https:\/\/kip-tape.com\/fr\/wp-json\/wp\/v2\/produktgruppe?post=34890"}],"curies":[{"name":"wp","href":"https:\/\/api.w.org\/{rel}","templated":true}]}}