{"id":35371,"date":"2025-09-19T11:54:44","date_gmt":"2025-09-19T09:54:44","guid":{"rendered":"https:\/\/kip-tape.com\/produkt\/383-cloth-masker-extra\/"},"modified":"2026-03-26T15:10:15","modified_gmt":"2026-03-26T14:10:15","slug":"383-cloth-masker-extra","status":"publish","type":"product","link":"https:\/\/kip-tape.com\/en\/product\/383-cloth-masker-extra\/","title":{"rendered":"383 Cloth Masker Extra"},"content":{"rendered":"<p>The Kip Masker, Protective films and Masking papers enable quick and efficient masking and covering of edges, beams, cornices and large surfaces. The Masker consists of high-quality light gray Duct tapes with environmentally friendly PE masking film. The film clings to the respective surface through static charge. The Masker is also UV-resistant and suitable for quickly covering windows. It can be used indoors and outdoors on various substrates and is resistant up to 90\u00b0C.    <\/p>\n","protected":false},"excerpt":{"rendered":"<p>The Kip Masker, Protective films and Masking papers enable quick and efficient masking and covering of edges, beams, cornices and large surfaces. The Masker consists of high-quality light gray Duct tapes with environmentally friendly PE masking film. The film clings to the respective surface through static charge. The Masker is also UV-resistant and suitable for [&hellip;]<\/p>\n","protected":false},"featured_media":23709,"comment_status":"open","ping_status":"closed","template":"","meta":[],"product_brand":[],"product_cat":[257,269],"product_tag":[],"produktgruppe":[292],"class_list":{"0":"post-35371","1":"product","2":"type-product","3":"status-publish","4":"has-post-thumbnail","6":"product_cat-cover","7":"product_cat-protect","8":"produktgruppe-masker-en","10":"first","11":"instock","12":"shipping-taxable","13":"purchasable","14":"product-type-variable"},"yoast_head":"<!-- This site is optimized with the Yoast SEO plugin v27.3 - https:\/\/yoast.com\/product\/yoast-seo-wordpress\/ -->\n<title>383 Cloth Masker Extra | Masker | Kip\u00ae<\/title>\n<meta name=\"description\" content=\"The Kip 338 Fabric Masker Extra is a Premium Plus Masker made from Premium Cloth tape and PE film for quick masking on a wide variety of substrates.\" \/>\n<meta name=\"robots\" content=\"index, follow, max-snippet:-1, max-image-preview:large, max-video-preview:-1\" \/>\n<link rel=\"canonical\" href=\"https:\/\/kip-tape.com\/en\/product\/383-cloth-masker-extra\/\" \/>\n<meta property=\"og:locale\" content=\"en_US\" \/>\n<meta property=\"og:type\" content=\"article\" \/>\n<meta property=\"og:title\" content=\"383 Cloth Masker Extra | Masker | Kip\u00ae\" \/>\n<meta property=\"og:description\" content=\"The Kip 338 Fabric Masker Extra is a Premium Plus Masker made from Premium Cloth tape and PE film for quick masking on a wide variety of substrates.\" \/>\n<meta property=\"og:url\" content=\"https:\/\/kip-tape.com\/en\/product\/383-cloth-masker-extra\/\" \/>\n<meta property=\"og:site_name\" content=\"Kip\u00ae\" \/>\n<meta property=\"article:modified_time\" content=\"2026-03-26T14:10:15+00:00\" \/>\n<meta property=\"og:image\" content=\"https:\/\/kip-tape.com\/wp-content\/uploads\/141025_383-18.png\" \/>\n\t<meta property=\"og:image:width\" content=\"1049\" \/>\n\t<meta property=\"og:image:height\" content=\"1500\" \/>\n\t<meta property=\"og:image:type\" content=\"image\/png\" \/>\n<meta name=\"twitter:card\" content=\"summary_large_image\" \/>\n<script type=\"application\/ld+json\" class=\"yoast-schema-graph\">{\"@context\":\"https:\\\/\\\/schema.org\",\"@graph\":[{\"@type\":\"WebPage\",\"@id\":\"https:\\\/\\\/kip-tape.com\\\/en\\\/product\\\/383-cloth-masker-extra\\\/\",\"url\":\"https:\\\/\\\/kip-tape.com\\\/en\\\/product\\\/383-cloth-masker-extra\\\/\",\"name\":\"383 Cloth Masker Extra | Masker | Kip\u00ae\",\"isPartOf\":{\"@id\":\"https:\\\/\\\/kip-tape.com\\\/en\\\/#website\"},\"primaryImageOfPage\":{\"@id\":\"https:\\\/\\\/kip-tape.com\\\/en\\\/product\\\/383-cloth-masker-extra\\\/#primaryimage\"},\"image\":{\"@id\":\"https:\\\/\\\/kip-tape.com\\\/en\\\/product\\\/383-cloth-masker-extra\\\/#primaryimage\"},\"thumbnailUrl\":\"https:\\\/\\\/kip-tape.com\\\/wp-content\\\/uploads\\\/141025_383-18.png\",\"datePublished\":\"2025-09-19T09:54:44+00:00\",\"dateModified\":\"2026-03-26T14:10:15+00:00\",\"description\":\"The Kip 338 Fabric Masker Extra is a Premium Plus Masker made from Premium Cloth tape and PE film for quick masking on a wide variety of substrates.\",\"breadcrumb\":{\"@id\":\"https:\\\/\\\/kip-tape.com\\\/en\\\/product\\\/383-cloth-masker-extra\\\/#breadcrumb\"},\"inLanguage\":\"en-US\",\"potentialAction\":[{\"@type\":\"ReadAction\",\"target\":[\"https:\\\/\\\/kip-tape.com\\\/en\\\/product\\\/383-cloth-masker-extra\\\/\"]}]},{\"@type\":\"ImageObject\",\"inLanguage\":\"en-US\",\"@id\":\"https:\\\/\\\/kip-tape.com\\\/en\\\/product\\\/383-cloth-masker-extra\\\/#primaryimage\",\"url\":\"https:\\\/\\\/kip-tape.com\\\/wp-content\\\/uploads\\\/141025_383-18.png\",\"contentUrl\":\"https:\\\/\\\/kip-tape.com\\\/wp-content\\\/uploads\\\/141025_383-18.png\",\"width\":1049,\"height\":1500,\"caption\":\"Kip 383 Gewebe-Masker Extra: Erm\u00f6glicht schnelles, effizientes Abkleben\\\/Abdecken von Kanten, Balken, Gesimsen und gro\u00dfen Fl\u00e4chen. Besteht aus sehr hochwertigem, hellgrauem Gewebeband mit umweltfreundlicher PE-Abdeckfolie. Hohe UV-Best\u00e4ndigkeit und statische Aufladung f\u00fcr eigenst\u00e4ndiges Anschmiegen der Folie an den Untergrund. Ideal f\u00fcr schnelles Abdecken von Fenstern im Innen- und Au\u00dfenbereich. Best\u00e4ndig bis 90\u00b0C.\"},{\"@type\":\"BreadcrumbList\",\"@id\":\"https:\\\/\\\/kip-tape.com\\\/en\\\/product\\\/383-cloth-masker-extra\\\/#breadcrumb\",\"itemListElement\":[{\"@type\":\"ListItem\",\"position\":1,\"name\":\"Homepage\",\"item\":\"https:\\\/\\\/kip-tape.com\\\/en\\\/homepage\\\/\"},{\"@type\":\"ListItem\",\"position\":2,\"name\":\"Store\",\"item\":\"https:\\\/\\\/kip-tape.com\\\/en\\\/store\\\/\"},{\"@type\":\"ListItem\",\"position\":3,\"name\":\"383 Cloth Masker Extra\"}]},{\"@type\":\"WebSite\",\"@id\":\"https:\\\/\\\/kip-tape.com\\\/en\\\/#website\",\"url\":\"https:\\\/\\\/kip-tape.com\\\/en\\\/\",\"name\":\"Kip\u00ae\",\"description\":\"Kip\u00ae haftet \\u2028f\u00fcr Qualit\u00e4t\",\"publisher\":{\"@id\":\"https:\\\/\\\/kip-tape.com\\\/en\\\/#organization\"},\"potentialAction\":[{\"@type\":\"SearchAction\",\"target\":{\"@type\":\"EntryPoint\",\"urlTemplate\":\"https:\\\/\\\/kip-tape.com\\\/en\\\/?s={search_term_string}\"},\"query-input\":{\"@type\":\"PropertyValueSpecification\",\"valueRequired\":true,\"valueName\":\"search_term_string\"}}],\"inLanguage\":\"en-US\"},{\"@type\":\"Organization\",\"@id\":\"https:\\\/\\\/kip-tape.com\\\/en\\\/#organization\",\"name\":\"Kip\u00ae\",\"url\":\"https:\\\/\\\/kip-tape.com\\\/en\\\/\",\"logo\":{\"@type\":\"ImageObject\",\"inLanguage\":\"en-US\",\"@id\":\"https:\\\/\\\/kip-tape.com\\\/en\\\/#\\\/schema\\\/logo\\\/image\\\/\",\"url\":\"https:\\\/\\\/kip-tape.com\\\/wp-content\\\/uploads\\\/kip-logo.png\",\"contentUrl\":\"https:\\\/\\\/kip-tape.com\\\/wp-content\\\/uploads\\\/kip-logo.png\",\"width\":200,\"height\":123,\"caption\":\"Kip\u00ae\"},\"image\":{\"@id\":\"https:\\\/\\\/kip-tape.com\\\/en\\\/#\\\/schema\\\/logo\\\/image\\\/\"}}]}<\/script>\n<!-- \/ Yoast SEO plugin. -->","yoast_head_json":{"title":"383 Cloth Masker Extra | Masker | Kip\u00ae","description":"The Kip 338 Fabric Masker Extra is a Premium Plus Masker made from Premium Cloth tape and PE film for quick masking on a wide variety of substrates.","robots":{"index":"index","follow":"follow","max-snippet":"max-snippet:-1","max-image-preview":"max-image-preview:large","max-video-preview":"max-video-preview:-1"},"canonical":"https:\/\/kip-tape.com\/en\/product\/383-cloth-masker-extra\/","og_locale":"en_US","og_type":"article","og_title":"383 Cloth Masker Extra | Masker | Kip\u00ae","og_description":"The Kip 338 Fabric Masker Extra is a Premium Plus Masker made from Premium Cloth tape and PE film for quick masking on a wide variety of substrates.","og_url":"https:\/\/kip-tape.com\/en\/product\/383-cloth-masker-extra\/","og_site_name":"Kip\u00ae","article_modified_time":"2026-03-26T14:10:15+00:00","og_image":[{"width":1049,"height":1500,"url":"https:\/\/kip-tape.com\/wp-content\/uploads\/141025_383-18.png","type":"image\/png"}],"twitter_card":"summary_large_image","schema":{"@context":"https:\/\/schema.org","@graph":[{"@type":"WebPage","@id":"https:\/\/kip-tape.com\/en\/product\/383-cloth-masker-extra\/","url":"https:\/\/kip-tape.com\/en\/product\/383-cloth-masker-extra\/","name":"383 Cloth Masker Extra | Masker | Kip\u00ae","isPartOf":{"@id":"https:\/\/kip-tape.com\/en\/#website"},"primaryImageOfPage":{"@id":"https:\/\/kip-tape.com\/en\/product\/383-cloth-masker-extra\/#primaryimage"},"image":{"@id":"https:\/\/kip-tape.com\/en\/product\/383-cloth-masker-extra\/#primaryimage"},"thumbnailUrl":"https:\/\/kip-tape.com\/wp-content\/uploads\/141025_383-18.png","datePublished":"2025-09-19T09:54:44+00:00","dateModified":"2026-03-26T14:10:15+00:00","description":"The Kip 338 Fabric Masker Extra is a Premium Plus Masker made from Premium Cloth tape and PE film for quick masking on a wide variety of substrates.","breadcrumb":{"@id":"https:\/\/kip-tape.com\/en\/product\/383-cloth-masker-extra\/#breadcrumb"},"inLanguage":"en-US","potentialAction":[{"@type":"ReadAction","target":["https:\/\/kip-tape.com\/en\/product\/383-cloth-masker-extra\/"]}]},{"@type":"ImageObject","inLanguage":"en-US","@id":"https:\/\/kip-tape.com\/en\/product\/383-cloth-masker-extra\/#primaryimage","url":"https:\/\/kip-tape.com\/wp-content\/uploads\/141025_383-18.png","contentUrl":"https:\/\/kip-tape.com\/wp-content\/uploads\/141025_383-18.png","width":1049,"height":1500,"caption":"Kip 383 Gewebe-Masker Extra: Erm\u00f6glicht schnelles, effizientes Abkleben\/Abdecken von Kanten, Balken, Gesimsen und gro\u00dfen Fl\u00e4chen. Besteht aus sehr hochwertigem, hellgrauem Gewebeband mit umweltfreundlicher PE-Abdeckfolie. Hohe UV-Best\u00e4ndigkeit und statische Aufladung f\u00fcr eigenst\u00e4ndiges Anschmiegen der Folie an den Untergrund. Ideal f\u00fcr schnelles Abdecken von Fenstern im Innen- und Au\u00dfenbereich. Best\u00e4ndig bis 90\u00b0C."},{"@type":"BreadcrumbList","@id":"https:\/\/kip-tape.com\/en\/product\/383-cloth-masker-extra\/#breadcrumb","itemListElement":[{"@type":"ListItem","position":1,"name":"Homepage","item":"https:\/\/kip-tape.com\/en\/homepage\/"},{"@type":"ListItem","position":2,"name":"Store","item":"https:\/\/kip-tape.com\/en\/store\/"},{"@type":"ListItem","position":3,"name":"383 Cloth Masker Extra"}]},{"@type":"WebSite","@id":"https:\/\/kip-tape.com\/en\/#website","url":"https:\/\/kip-tape.com\/en\/","name":"Kip\u00ae","description":"Kip\u00ae haftet \u2028f\u00fcr Qualit\u00e4t","publisher":{"@id":"https:\/\/kip-tape.com\/en\/#organization"},"potentialAction":[{"@type":"SearchAction","target":{"@type":"EntryPoint","urlTemplate":"https:\/\/kip-tape.com\/en\/?s={search_term_string}"},"query-input":{"@type":"PropertyValueSpecification","valueRequired":true,"valueName":"search_term_string"}}],"inLanguage":"en-US"},{"@type":"Organization","@id":"https:\/\/kip-tape.com\/en\/#organization","name":"Kip\u00ae","url":"https:\/\/kip-tape.com\/en\/","logo":{"@type":"ImageObject","inLanguage":"en-US","@id":"https:\/\/kip-tape.com\/en\/#\/schema\/logo\/image\/","url":"https:\/\/kip-tape.com\/wp-content\/uploads\/kip-logo.png","contentUrl":"https:\/\/kip-tape.com\/wp-content\/uploads\/kip-logo.png","width":200,"height":123,"caption":"Kip\u00ae"},"image":{"@id":"https:\/\/kip-tape.com\/en\/#\/schema\/logo\/image\/"}}]}},"_links":{"self":[{"href":"https:\/\/kip-tape.com\/en\/wp-json\/wp\/v2\/product\/35371","targetHints":{"allow":["GET"]}}],"collection":[{"href":"https:\/\/kip-tape.com\/en\/wp-json\/wp\/v2\/product"}],"about":[{"href":"https:\/\/kip-tape.com\/en\/wp-json\/wp\/v2\/types\/product"}],"replies":[{"embeddable":true,"href":"https:\/\/kip-tape.com\/en\/wp-json\/wp\/v2\/comments?post=35371"}],"version-history":[{"count":1,"href":"https:\/\/kip-tape.com\/en\/wp-json\/wp\/v2\/product\/35371\/revisions"}],"predecessor-version":[{"id":37149,"href":"https:\/\/kip-tape.com\/en\/wp-json\/wp\/v2\/product\/35371\/revisions\/37149"}],"wp:featuredmedia":[{"embeddable":true,"href":"https:\/\/kip-tape.com\/en\/wp-json\/wp\/v2\/media\/23709"}],"wp:attachment":[{"href":"https:\/\/kip-tape.com\/en\/wp-json\/wp\/v2\/media?parent=35371"}],"wp:term":[{"taxonomy":"product_brand","embeddable":true,"href":"https:\/\/kip-tape.com\/en\/wp-json\/wp\/v2\/product_brand?post=35371"},{"taxonomy":"product_cat","embeddable":true,"href":"https:\/\/kip-tape.com\/en\/wp-json\/wp\/v2\/product_cat?post=35371"},{"taxonomy":"product_tag","embeddable":true,"href":"https:\/\/kip-tape.com\/en\/wp-json\/wp\/v2\/product_tag?post=35371"},{"taxonomy":"produktgruppe","embeddable":true,"href":"https:\/\/kip-tape.com\/en\/wp-json\/wp\/v2\/produktgruppe?post=35371"}],"curies":[{"name":"wp","href":"https:\/\/api.w.org\/{rel}","templated":true}]}}